{"id":2583,"date":"2013-12-29T12:27:00","date_gmt":"2013-12-29T10:27:00","guid":{"rendered":"http:\/\/www.esteban-fekete.de\/wp\/?page_id=2583"},"modified":"2014-01-19T22:30:50","modified_gmt":"2014-01-19T20:30:50","slug":"vernissage-2011-12-04","status":"publish","type":"page","link":"https:\/\/www.esteban-fekete.de\/wp\/vernissage-2011-12-04\/","title":{"rendered":"Vernissage 2011-12-04"},"content":{"rendered":"<table style=\"width: 100%;\" border=\"0\">\n<tbody>\n<tr>\n<td><strong>Einladung<br \/>\n<\/strong>Kulturhistorischer Verein Ro\u00dfdorf<\/td>\n<td style=\"text-align: right;\"><a href=\"http:\/\/www.esteban-fekete.de\/wp\/blog\/category\/ausstellungen\/termine\/\"><strong>zur\u00fcck zu<br \/>\n&#8222;Termine&#8220;<\/strong><\/a><\/td>\n<\/tr>\n<\/tbody>\n<\/table>\n<p><img loading=\"lazy\" class=\"alignright  wp-image-2584\" title=\"Gro\u00dfe Unikate\" alt=\"Gro\u00dfe Unikate und Malereien aus dem Nachlass\" src=\"http:\/\/www.esteban-fekete.de\/wp\/wp-content\/uploads\/111204_unikate_3251-294x300.jpg\" width=\"176\" height=\"180\" srcset=\"https:\/\/www.esteban-fekete.de\/wp\/wp-content\/uploads\/111204_unikate_3251-294x300.jpg 294w, https:\/\/www.esteban-fekete.de\/wp\/wp-content\/uploads\/111204_unikate_3251.jpg 319w\" sizes=\"(max-width: 176px) 100vw, 176px\" \/><\/p>\n<p align=\"center\"><strong>Ausstellung<br \/>\n&#8222;Esteban Fekete &#8211; Gro\u00dfe Unikate und Malereien aus dem Nachlass&#8220;<\/strong><\/p>\n<p align=\"left\"><strong><\/strong>am 4. Dezember 2011<\/p>\n<p align=\"left\"><strong><\/strong>Begr\u00fc\u00dfung:<br \/>\nDr. Klaus Lehmann,<br \/>\nKulturhistorischer Verein Ro\u00dfdorf<\/p>\n<p align=\"center\"><strong>Foto &#8211; Impressionen<br \/>\nzur<br \/>\nAusstellung<\/strong><\/p>\n<div id='gallery-1' class='gallery galleryid-2583 gallery-columns-3 gallery-size-thumbnail'><dl class='gallery-item'>\n\t\t\t<dt class='gallery-icon landscape'>\n\t\t\t\t<a rel=\"gallery[default]\" href='https:\/\/www.esteban-fekete.de\/wp\/wp-content\/uploads\/111204_01_600.jpg'><img width=\"150\" height=\"150\" src=\"https:\/\/www.esteban-fekete.de\/wp\/wp-content\/uploads\/111204_01_600-150x150.jpg\" class=\"attachment-thumbnail size-thumbnail\" alt=\"\" loading=\"lazy\" \/><\/a>\n\t\t\t<\/dt><\/dl><dl class='gallery-item'>\n\t\t\t<dt class='gallery-icon landscape'>\n\t\t\t\t<a rel=\"gallery[default]\" href='https:\/\/www.esteban-fekete.de\/wp\/wp-content\/uploads\/111204_02_600.jpg'><img width=\"150\" height=\"150\" src=\"https:\/\/www.esteban-fekete.de\/wp\/wp-content\/uploads\/111204_02_600-150x150.jpg\" class=\"attachment-thumbnail size-thumbnail\" alt=\"\" loading=\"lazy\" \/><\/a>\n\t\t\t<\/dt><\/dl><dl class='gallery-item'>\n\t\t\t<dt class='gallery-icon portrait'>\n\t\t\t\t<a rel=\"gallery[default]\" href='https:\/\/www.esteban-fekete.de\/wp\/wp-content\/uploads\/111204_04_600.jpg'><img width=\"150\" height=\"150\" src=\"https:\/\/www.esteban-fekete.de\/wp\/wp-content\/uploads\/111204_04_600-150x150.jpg\" class=\"attachment-thumbnail size-thumbnail\" alt=\"\" loading=\"lazy\" \/><\/a>\n\t\t\t<\/dt><\/dl><br style=\"clear: both\" \/><dl class='gallery-item'>\n\t\t\t<dt class='gallery-icon landscape'>\n\t\t\t\t<a rel=\"gallery[default]\" href='https:\/\/www.esteban-fekete.de\/wp\/wp-content\/uploads\/111204_05_600.jpg'><img width=\"150\" height=\"150\" src=\"https:\/\/www.esteban-fekete.de\/wp\/wp-content\/uploads\/111204_05_600-150x150.jpg\" class=\"attachment-thumbnail size-thumbnail\" alt=\"\" loading=\"lazy\" \/><\/a>\n\t\t\t<\/dt><\/dl><dl class='gallery-item'>\n\t\t\t<dt class='gallery-icon landscape'>\n\t\t\t\t<a rel=\"gallery[default]\" href='https:\/\/www.esteban-fekete.de\/wp\/wp-content\/uploads\/111204_03_600r.jpg'><img width=\"150\" height=\"150\" src=\"https:\/\/www.esteban-fekete.de\/wp\/wp-content\/uploads\/111204_03_600r-150x150.jpg\" class=\"attachment-thumbnail size-thumbnail\" alt=\"\" loading=\"lazy\" \/><\/a>\n\t\t\t<\/dt><\/dl><dl class='gallery-item'>\n\t\t\t<dt class='gallery-icon landscape'>\n\t\t\t\t<a rel=\"gallery[default]\" href='https:\/\/www.esteban-fekete.de\/wp\/wp-content\/uploads\/111204_06_600.jpg'><img width=\"150\" height=\"150\" src=\"https:\/\/www.esteban-fekete.de\/wp\/wp-content\/uploads\/111204_06_600-150x150.jpg\" class=\"attachment-thumbnail size-thumbnail\" alt=\"\" loading=\"lazy\" \/><\/a>\n\t\t\t<\/dt><\/dl><br style=\"clear: both\" \/>\n\t\t<\/div>\n\n<p style=\"text-align: center;\"><a href=\"http:\/\/www.esteban-fekete.de\/wp\/category\/ausstellungen\/termine\/\"><strong>zur\u00fcck zu\u00a0&#8222;Termine&#8220;<\/strong><\/a><\/p>\n","protected":false},"excerpt":{"rendered":"<p>Einladung Kulturhistorischer Verein Ro\u00dfdorf zur\u00fcck zu &#8222;Termine&#8220; Ausstellung &#8222;Esteban Fekete &#8211; Gro\u00dfe Unikate und Malereien aus dem Nachlass&#8220; am 4. Dezember 2011 Begr\u00fc\u00dfung: Dr. Klaus &hellip;<\/p>\n","protected":false},"author":2,"featured_media":0,"parent":0,"menu_order":0,"comment_status":"closed","ping_status":"closed","template":"","meta":{"_links_to":"","_links_to_target":""},"_links":{"self":[{"href":"https:\/\/www.esteban-fekete.de\/wp\/wp-json\/wp\/v2\/pages\/2583"}],"collection":[{"href":"https:\/\/www.esteban-fekete.de\/wp\/wp-json\/wp\/v2\/pages"}],"about":[{"href":"https:\/\/www.esteban-fekete.de\/wp\/wp-json\/wp\/v2\/types\/page"}],"author":[{"embeddable":true,"href":"https:\/\/www.esteban-fekete.de\/wp\/wp-json\/wp\/v2\/users\/2"}],"replies":[{"embeddable":true,"href":"https:\/\/www.esteban-fekete.de\/wp\/wp-json\/wp\/v2\/comments?post=2583"}],"version-history":[{"count":5,"href":"https:\/\/www.esteban-fekete.de\/wp\/wp-json\/wp\/v2\/pages\/2583\/revisions"}],"predecessor-version":[{"id":3398,"href":"https:\/\/www.esteban-fekete.de\/wp\/wp-json\/wp\/v2\/pages\/2583\/revisions\/3398"}],"wp:attachment":[{"href":"https:\/\/www.esteban-fekete.de\/wp\/wp-json\/wp\/v2\/media?parent=2583"}],"curies":[{"name":"wp","href":"https:\/\/api.w.org\/{rel}","templated":true}]}}