{"id":570,"date":"2013-12-07T19:59:08","date_gmt":"2013-12-07T17:59:08","guid":{"rendered":"http:\/\/www.esteban-fekete.de\/wp\/?page_id=570"},"modified":"2026-03-11T14:42:34","modified_gmt":"2026-03-11T12:42:34","slug":"die-technik","status":"publish","type":"page","link":"https:\/\/www.esteban-fekete.de\/wp\/lebenswerk\/farbholzschnitte\/die-technik\/","title":{"rendered":"Die Technik"},"content":{"rendered":"<p>&nbsp;<\/p>\n<table class=\" aligncenter\" style=\"height: 285px; ; width: 945px;\" border=\"0\">\n<tbody>\n<tr>\n<td><a href=\"https:\/\/www.esteban-fekete.de\/wp\/esteban-fekete-1989\/\"><img loading=\"lazy\" class=\"alignright wp-image-8930 size-full\" src=\"https:\/\/www.esteban-fekete.de\/wp\/wp-content\/uploads\/fekete_1989_300.jpg\" alt=\"Fekete 1989\" width=\"300\" height=\"255\" \/><\/a><\/td>\n<td><a href=\"fekete-druckt\/\"><img loading=\"lazy\" class=\"alignright size-full wp-image-4019\" src=\"http:\/\/www.esteban-fekete.de\/wp\/wp-content\/uploads\/fekete_druckt_300.jpg\" alt=\"Fekete druckt\" width=\"300\" height=\"270\" \/><\/a><\/td>\n<td><a href=\"druckprogression\"><img loading=\"lazy\" class=\"alignright size-full wp-image-4018\" src=\"http:\/\/www.esteban-fekete.de\/wp\/wp-content\/uploads\/druckprogression_300.jpg\" alt=\"Druck-Progression\" width=\"300\" height=\"270\" \/><\/a><\/td>\n<\/tr>\n<\/tbody>\n<\/table>\n<p style=\"text-align: left;\"><strong><a href=\"http:\/\/www.esteban-fekete.de\/wp\/?p=3642\"><img loading=\"lazy\" class=\"alignright size-full wp-image-3420\" title=\"English version\" src=\"http:\/\/www.esteban-fekete.de\/wp\/wp-content\/uploads\/grossbritannien_fl_c1.jpg\" alt=\"English version\" width=\"30\" height=\"15\" \/><\/a>Bildentwurf<\/strong><\/p>\n<p>Am Anfang steht Feketes Bestimmung eines seiner vielschichtigen \u00d6lbilder oder Mischtechniken zur Umsetzung in einen Farbholzschnitt. Zuerst legt er das Format, die Bildgr\u00f6\u00dfe fest, sie kann gleichgro\u00df, gr\u00f6\u00dfer und kleiner als die Malerei sein. Da keine schwarzbetonten Konturen vorgesehen werden, mu\u00df er \u00fcberlegen, mit welchen Farben und mit wieviel Farbfl\u00e4chen er die Bildkomposition erbringen will. Interessanterweise ist ihm nicht an einer Vereinfachung der einzelnen Bildelemente gelegen sondern im Gegenteil an einem fein und reich nuancierten Druck, der m\u00f6glichst viele Farbschattierungen wiedergeben soll.<\/p>\n<p><strong>Druckstock<\/strong><\/p>\n<div id=\"attachment_571\" style=\"width: 310px\" class=\"wp-caption alignleft\"><img aria-describedby=\"caption-attachment-571\" loading=\"lazy\" class=\"size-medium wp-image-571\" src=\"http:\/\/www.esteban-fekete.de\/wp\/wp-content\/uploads\/t_holz1_500-300x223.jpg\" alt=\"Bearbeitung der Holzplatte\" width=\"300\" height=\"223\" srcset=\"https:\/\/www.esteban-fekete.de\/wp\/wp-content\/uploads\/t_holz1_500-300x223.jpg 300w, https:\/\/www.esteban-fekete.de\/wp\/wp-content\/uploads\/t_holz1_500.jpg 500w\" sizes=\"(max-width: 300px) 100vw, 300px\" \/><p id=\"caption-attachment-571\" class=\"wp-caption-text\">Bearbeitung der Holzplatte<\/p><\/div>\n<p>Die Reihenfolge der Holzplatten, der sogenannten Druckst\u00f6cke, wird bestimmt, meistens sind es vier bis sechs, manchmal dient eine Holzplatte auch zwei verschiedenen Farbauftr\u00e4gen.<\/p>\n<p>Fekete bevorzugt Gabun- oder Ceiba-Sperrholz, die feine Maserung l\u00e4\u00dft sich am besten seiner ungew\u00f6hnlichen malerischen Zielsetzung unterordnen. Er druckt in der Regel auf BFK-B\u00fcttenpapier, je nach Bildgr\u00f6\u00dfe schwereres oder leichteres. Bildma\u00dfe und Druckst\u00f6cke m\u00fcssen genau \u00fcbereinstimmen. Die Bildmotive werden f\u00fcr jeden geplanten Farbauftrag vom Original abgenommen und auf das Holz \u00fcbertragen.<\/p>\n<div id=\"attachment_572\" style=\"width: 310px\" class=\"wp-caption alignright\"><img aria-describedby=\"caption-attachment-572\" loading=\"lazy\" class=\"size-medium wp-image-572\" src=\"http:\/\/www.esteban-fekete.de\/wp\/wp-content\/uploads\/t_holz2_500-300x222.jpg\" alt=\"Wegschaben der eingeschnittenen Formgrenzen\" width=\"300\" height=\"222\" srcset=\"https:\/\/www.esteban-fekete.de\/wp\/wp-content\/uploads\/t_holz2_500-300x222.jpg 300w, https:\/\/www.esteban-fekete.de\/wp\/wp-content\/uploads\/t_holz2_500.jpg 500w\" sizes=\"(max-width: 300px) 100vw, 300px\" \/><p id=\"caption-attachment-572\" class=\"wp-caption-text\">Wegschaben der eingeschnittenen Formgrenzen<\/p><\/div>\n<p><strong>Werkzeug<\/strong><\/p>\n<p>Die wichtigsten Umgrenzungen erzielt das schr\u00e4g einschneidende Skalpell, mit Flach- und Hohleisen werden alle weiteren Holzoberfl\u00e4chen weggeschabt, die das Papier nicht ber\u00fchren sollen; nur die hochstehenden Partien erhalten Farbe, daher die Bezeichnung Hochdruck<\/p>\n<p><strong>Farbe<\/strong><\/p>\n<div id=\"attachment_573\" style=\"width: 222px\" class=\"wp-caption alignleft\"><img aria-describedby=\"caption-attachment-573\" loading=\"lazy\" class=\"size-medium wp-image-573\" src=\"http:\/\/www.esteban-fekete.de\/wp\/wp-content\/uploads\/t_holz3_500-212x300.jpg\" alt=\"Verd\u00fcnnung der \u00d6lfarben\" width=\"212\" height=\"300\" srcset=\"https:\/\/www.esteban-fekete.de\/wp\/wp-content\/uploads\/t_holz3_500-212x300.jpg 212w, https:\/\/www.esteban-fekete.de\/wp\/wp-content\/uploads\/t_holz3_500.jpg 354w\" sizes=\"(max-width: 212px) 100vw, 212px\" \/><p id=\"caption-attachment-573\" class=\"wp-caption-text\">Verd\u00fcnnung der \u00d6lfarben<\/p><\/div>\n<p>Wei\u00dfe Partien auf der Bildfl\u00e4che kommen bei Fekete kaum vor, jede Farbe \u00fcberzieht das gesamte Plattengeviert; Farb\u00fcberschneidungen dagegen werden von Anfang an mit eingeplant, ihnen sind die reichen Farbnuancen zu verdanken, nur kleine Segmente leuchten in einer Farbe. Die hauchfeinen, \u00fcbereinander gedruckten Farblasuren ergeben am Ende Transparenz und klare R\u00e4umlichkeit.<\/p>\n<div id=\"attachment_574\" style=\"width: 221px\" class=\"wp-caption alignright\"><img aria-describedby=\"caption-attachment-574\" loading=\"lazy\" class=\"size-medium wp-image-574\" src=\"http:\/\/www.esteban-fekete.de\/wp\/wp-content\/uploads\/t_holz4_500-211x300.jpg\" alt=\"Farbauftrag auf die Holzplatte\" width=\"211\" height=\"300\" srcset=\"https:\/\/www.esteban-fekete.de\/wp\/wp-content\/uploads\/t_holz4_500-211x300.jpg 211w, https:\/\/www.esteban-fekete.de\/wp\/wp-content\/uploads\/t_holz4_500.jpg 353w\" sizes=\"(max-width: 211px) 100vw, 211px\" \/><p id=\"caption-attachment-574\" class=\"wp-caption-text\">Farbauftrag auf die Holzplatte<\/p><\/div>\n<p>Fekete druckt ohne Ausnahme mit den Farben seiner \u00d6lmalerei. Sie werden jeweils mittels Spachtels mit einem Verd\u00fcnnungsmittel auf einer Glasplatte vermischt, durch Hin- und Herrollen auf eine Hartgummiwalze \u00fcbertragen und anschlie\u00dfend mit viel Kraft auf den bereitliegenden Druckstock eingewalzt.<\/p>\n<p><strong>Papier<\/strong><\/p>\n<div id=\"attachment_575\" style=\"width: 223px\" class=\"wp-caption alignleft\"><img aria-describedby=\"caption-attachment-575\" loading=\"lazy\" class=\"size-medium wp-image-575\" src=\"http:\/\/www.esteban-fekete.de\/wp\/wp-content\/uploads\/t_holz5_500-213x300.jpg\" alt=\"Exaktes Auflegen der Druckplatte auf das Papier\" width=\"213\" height=\"300\" srcset=\"https:\/\/www.esteban-fekete.de\/wp\/wp-content\/uploads\/t_holz5_500-213x300.jpg 213w, https:\/\/www.esteban-fekete.de\/wp\/wp-content\/uploads\/t_holz5_500.jpg 355w\" sizes=\"(max-width: 213px) 100vw, 213px\" \/><p id=\"caption-attachment-575\" class=\"wp-caption-text\">Exaktes Auflegen der Druckplatte auf das Papier<\/p><\/div>\n<p>Die farbfeuchte Holzplatte wird hochgehoben, gewendet und vorsichtig-pa\u00dfgenau auf das Papier gelegt, beides zusammen gehoben und auf die Bodenplatte der Handpresse gelegt; eine Filzdecke, die gr\u00f6\u00dftm\u00f6gliches \u201eEinschmelzen\u201c in das B\u00fcttenpapier gew\u00e4hrleistet und die Holzplatte schont, bedeckt das Papier, und das Ganze wird zwischen den beiden Metallwalzen hindurchgekurbelt.<\/p>\n<div id=\"attachment_576\" style=\"width: 225px\" class=\"wp-caption alignright\"><img aria-describedby=\"caption-attachment-576\" loading=\"lazy\" class=\"size-medium wp-image-576\" src=\"http:\/\/www.esteban-fekete.de\/wp\/wp-content\/uploads\/t_holz6_500-215x300.jpg\" alt=\"Vorbereitung zum Druckvorgang\" width=\"215\" height=\"300\" srcset=\"https:\/\/www.esteban-fekete.de\/wp\/wp-content\/uploads\/t_holz6_500-215x300.jpg 215w, https:\/\/www.esteban-fekete.de\/wp\/wp-content\/uploads\/t_holz6_500.jpg 359w\" sizes=\"(max-width: 215px) 100vw, 215px\" \/><p id=\"caption-attachment-576\" class=\"wp-caption-text\">Vorbereitung zum Druckvorgang<\/p><\/div>\n<p>Gedruckt ist nun die Bildkomposition nat\u00fcrlich spiegelbildlich.<\/p>\n<p>Wo die meisten Farbpartien \u00fcbereinanderliegen, sind die Motive am deutlichsten und dunkelsten; die Konturen sind samtig, gut lesbar, aber nicht<br \/>\nhart umrissen.<\/p>\n<p><strong>Presse<\/strong><\/p>\n<div id=\"attachment_577\" style=\"width: 239px\" class=\"wp-caption alignleft\"><img aria-describedby=\"caption-attachment-577\" loading=\"lazy\" class=\"size-medium wp-image-577\" src=\"http:\/\/www.esteban-fekete.de\/wp\/wp-content\/uploads\/t_holz7_500-229x300.jpg\" alt=\"Druckvorgang\" width=\"229\" height=\"300\" srcset=\"https:\/\/www.esteban-fekete.de\/wp\/wp-content\/uploads\/t_holz7_500-229x300.jpg 229w, https:\/\/www.esteban-fekete.de\/wp\/wp-content\/uploads\/t_holz7_500.jpg 382w\" sizes=\"(max-width: 229px) 100vw, 229px\" \/><p id=\"caption-attachment-577\" class=\"wp-caption-text\">Druckvorgang<\/p><\/div>\n<p>Der Druckvorgang ist nicht nur kraft- und zeitaufwendig, sondern verlangt mitunter auch noch Ver\u00e4nderungen in der Reihenfolge der Farbauftr\u00e4ge. \u00d6lfarben haben unterschiedliche Deckungsgrade, die sich nur bedingt im voraus berechnen lassen; transparente Farben m\u00fcssen sich gegen deckende noch behaupten k\u00f6nnen, was Experimentierlust und Erfahrungsreichtum erfordert.<\/p>\n<div id=\"attachment_578\" style=\"width: 239px\" class=\"wp-caption alignright\"><img aria-describedby=\"caption-attachment-578\" loading=\"lazy\" class=\"size-medium wp-image-578\" src=\"http:\/\/www.esteban-fekete.de\/wp\/wp-content\/uploads\/t_holz8_500-229x300.jpg\" alt=\"Trennung des Papiers von der Druckplatte\" width=\"229\" height=\"300\" srcset=\"https:\/\/www.esteban-fekete.de\/wp\/wp-content\/uploads\/t_holz8_500-229x300.jpg 229w, https:\/\/www.esteban-fekete.de\/wp\/wp-content\/uploads\/t_holz8_500.jpg 383w\" sizes=\"(max-width: 229px) 100vw, 229px\" \/><p id=\"caption-attachment-578\" class=\"wp-caption-text\">Trennung des Papiers von der Druckplatte<\/p><\/div>\n<p>Das Drucken ist ein intimer, hoch- konzentrierter Arbeitsvorgang, Korrekturen wie beim Malen sind nicht m\u00f6glich, weshalb Fekete auch nie delegieren und nur selber drucken wird.<\/p>\n<p>Ein Fekete-Farbholzschnitt ist allezeit eindeutig erkennbar; er leuchtet vielstimmig wie ein gro\u00dfes Kammerorchester, hat den Farbenzauber einer Malerei, ist aber dank der Holzabdr\u00fccke naturgem\u00e4\u00df konkreter und strukturierter. Die Oberfl\u00e4che wirkt stofflich und lockt zum Abtasten.<\/p>\n<p>Dem ungeschriebenen Gesetz \u201eForm vor Farbe\u201c hat Fekete sein \u201eForm aus Farbe\u201c gesetzt. Mit seiner malerischen Zielsetzung und Druckweise, wie sie in keinem Lehrbuch zu finden sind, hat er der traditionellen Druck-Kunst des Holzschnitts von mehreren Platten eine neue Facette hinzugef\u00fcgt<\/p>\n<div id=\"attachment_579\" style=\"width: 310px\" class=\"wp-caption aligncenter\"><img aria-describedby=\"caption-attachment-579\" loading=\"lazy\" class=\"size-medium wp-image-579\" src=\"http:\/\/www.esteban-fekete.de\/wp\/wp-content\/uploads\/t_holz9_500-300x237.jpg\" alt=\"\u00d6lfarbentuben und Gummiwalze\" width=\"300\" height=\"237\" srcset=\"https:\/\/www.esteban-fekete.de\/wp\/wp-content\/uploads\/t_holz9_500-300x237.jpg 300w, https:\/\/www.esteban-fekete.de\/wp\/wp-content\/uploads\/t_holz9_500.jpg 500w\" sizes=\"(max-width: 300px) 100vw, 300px\" \/><p id=\"caption-attachment-579\" class=\"wp-caption-text\">\u00d6lfarbentuben und Gummiwalze<\/p><\/div>\n","protected":false},"excerpt":{"rendered":"<p>&nbsp; Bildentwurf Am Anfang steht Feketes Bestimmung eines seiner vielschichtigen \u00d6lbilder oder Mischtechniken zur Umsetzung in einen Farbholzschnitt. Zuerst legt er das Format, die Bildgr\u00f6\u00dfe &hellip;<\/p>\n","protected":false},"author":2,"featured_media":0,"parent":3233,"menu_order":1,"comment_status":"closed","ping_status":"closed","template":"","meta":{"_links_to":"","_links_to_target":""},"_links":{"self":[{"href":"https:\/\/www.esteban-fekete.de\/wp\/wp-json\/wp\/v2\/pages\/570"}],"collection":[{"href":"https:\/\/www.esteban-fekete.de\/wp\/wp-json\/wp\/v2\/pages"}],"about":[{"href":"https:\/\/www.esteban-fekete.de\/wp\/wp-json\/wp\/v2\/types\/page"}],"author":[{"embeddable":true,"href":"https:\/\/www.esteban-fekete.de\/wp\/wp-json\/wp\/v2\/users\/2"}],"replies":[{"embeddable":true,"href":"https:\/\/www.esteban-fekete.de\/wp\/wp-json\/wp\/v2\/comments?post=570"}],"version-history":[{"count":61,"href":"https:\/\/www.esteban-fekete.de\/wp\/wp-json\/wp\/v2\/pages\/570\/revisions"}],"predecessor-version":[{"id":8934,"href":"https:\/\/www.esteban-fekete.de\/wp\/wp-json\/wp\/v2\/pages\/570\/revisions\/8934"}],"up":[{"embeddable":true,"href":"https:\/\/www.esteban-fekete.de\/wp\/wp-json\/wp\/v2\/pages\/3233"}],"wp:attachment":[{"href":"https:\/\/www.esteban-fekete.de\/wp\/wp-json\/wp\/v2\/media?parent=570"}],"curies":[{"name":"wp","href":"https:\/\/api.w.org\/{rel}","templated":true}]}}