{"id":726,"date":"2013-12-09T11:10:19","date_gmt":"2013-12-09T09:10:19","guid":{"rendered":"http:\/\/www.esteban-fekete.de\/wp\/?page_id=726"},"modified":"2025-02-19T17:24:40","modified_gmt":"2025-02-19T15:24:40","slug":"gundernhausen","status":"publish","type":"page","link":"https:\/\/www.esteban-fekete.de\/wp\/ausstellungen\/gundernhausen\/","title":{"rendered":"Gundernhausen"},"content":{"rendered":"<p align=\"left\"><strong>Kinderk\u00fcnstler aus Gundernhausen<\/strong><\/p>\n<p align=\"left\">Kinder hielt Fekete f\u00fcr l\u00e4rmende St\u00f6renfriede, gegen deren Lachen und gelegentliche Rufe beim Spielen auf der Stra\u00dfe er schleunigst sein Fenster schlo\u00df. Das \u00e4nderte sich eines Tages, nachdem eine Lehrerin von der Gundernh\u00e4user Schule ihn anrief und um einen Termin bat, an dem sie einmal ihrer Schulklasse ihn und seine Kunst im Atelier pr\u00e4sentieren d\u00fcrfe. \u00dcberrumpelt nannte er ein Datum und schimpfte anschlie\u00dfend \u00fcber diese Bel\u00e4stigung, die ihn nur vom Arbeiten abhielte. Seine Frau erbot sich aufzupassen, damit die Kinder keinen Bl\u00f6dsinn anstellen konnten. Doch siehe da, Fekete hatte seine Freude an den and\u00e4chtig zuh\u00f6renden Kindern. Am n\u00e4chsten Tag sp\u00fcrte er verbl\u00fcfft, welches Vergn\u00fcgen die aufmerksam zuschauende und mitunter unbefangen fragende Jugend in seinem Herzen hinterlassen hatte. Aus der Begegnung war eine wechselseitige Anregung geworden, von der er gelegentlich gerne erz\u00e4hlte und sich, wenn ich mich richtig erinnere, f\u00fcr einen sp\u00e4ter weiteren Sch\u00fclerbesuch dann regelrecht vorbereitete.<\/p>\n","protected":false},"excerpt":{"rendered":"<p>Kinderk\u00fcnstler aus Gundernhausen Kinder hielt Fekete f\u00fcr l\u00e4rmende St\u00f6renfriede, gegen deren Lachen und gelegentliche Rufe beim Spielen auf der Stra\u00dfe er schleunigst sein Fenster schlo\u00df. &hellip;<\/p>\n","protected":false},"author":2,"featured_media":0,"parent":9,"menu_order":6,"comment_status":"closed","ping_status":"closed","template":"","meta":{"_links_to":"","_links_to_target":""},"_links":{"self":[{"href":"https:\/\/www.esteban-fekete.de\/wp\/wp-json\/wp\/v2\/pages\/726"}],"collection":[{"href":"https:\/\/www.esteban-fekete.de\/wp\/wp-json\/wp\/v2\/pages"}],"about":[{"href":"https:\/\/www.esteban-fekete.de\/wp\/wp-json\/wp\/v2\/types\/page"}],"author":[{"embeddable":true,"href":"https:\/\/www.esteban-fekete.de\/wp\/wp-json\/wp\/v2\/users\/2"}],"replies":[{"embeddable":true,"href":"https:\/\/www.esteban-fekete.de\/wp\/wp-json\/wp\/v2\/comments?post=726"}],"version-history":[{"count":3,"href":"https:\/\/www.esteban-fekete.de\/wp\/wp-json\/wp\/v2\/pages\/726\/revisions"}],"predecessor-version":[{"id":8466,"href":"https:\/\/www.esteban-fekete.de\/wp\/wp-json\/wp\/v2\/pages\/726\/revisions\/8466"}],"up":[{"embeddable":true,"href":"https:\/\/www.esteban-fekete.de\/wp\/wp-json\/wp\/v2\/pages\/9"}],"wp:attachment":[{"href":"https:\/\/www.esteban-fekete.de\/wp\/wp-json\/wp\/v2\/media?parent=726"}],"curies":[{"name":"wp","href":"https:\/\/api.w.org\/{rel}","templated":true}]}}